{"id":8,"date":"2026-02-24T16:24:00","date_gmt":"2026-02-24T16:24:00","guid":{"rendered":"https:\/\/nemoko.fi\/?page_id=8"},"modified":"2026-03-26T16:43:27","modified_gmt":"2026-03-26T16:43:27","slug":"about","status":"publish","type":"page","link":"https:\/\/nemoko.fi\/index.php\/about\/","title":{"rendered":"About"},"content":{"rendered":"\n<p>s. 1997<\/p>\n\n\n\n<p>Helsinki, Suomi<\/p>\n\n\n\n<p>Opiskelen maalausta Helsingin taideakatemiassa. Kuvataide ja sarjakuvat ovat olleet p\u00e4\u00e4asiallisia kiinnostuksen kohteitani vuodesta 2010 l\u00e4htien.<\/p>\n\n\n\n<p>T\u00e4ll\u00e4 hetkell\u00e4 viet\u00e4n aikani maalaamalla, tekem\u00e4ll\u00e4 sarjakuvia, abstrakteja piirustuksia, veistoksia ja installaatioita.<\/p>\n","protected":false},"excerpt":{"rendered":"<p>s. 1997 Helsinki, Suomi Opiskelen maalausta Helsingin taideakatemiassa. Kuvataide ja sarjakuvat ovat olleet p\u00e4\u00e4asiallisia kiinnostuksen kohteitani vuodesta 2010 l\u00e4htien. T\u00e4ll\u00e4 hetkell\u00e4 viet\u00e4n aikani maalaamalla, tekem\u00e4ll\u00e4 sarjakuvia, abstrakteja piirustuksia, veistoksia ja installaatioita.<\/p>\n","protected":false},"author":2,"featured_media":0,"parent":0,"menu_order":0,"comment_status":"closed","ping_status":"closed","template":"","meta":{"footnotes":""},"class_list":["post-8","page","type-page","status-publish","hentry"],"_links":{"self":[{"href":"https:\/\/nemoko.fi\/index.php\/wp-json\/wp\/v2\/pages\/8","targetHints":{"allow":["GET"]}}],"collection":[{"href":"https:\/\/nemoko.fi\/index.php\/wp-json\/wp\/v2\/pages"}],"about":[{"href":"https:\/\/nemoko.fi\/index.php\/wp-json\/wp\/v2\/types\/page"}],"author":[{"embeddable":true,"href":"https:\/\/nemoko.fi\/index.php\/wp-json\/wp\/v2\/users\/2"}],"replies":[{"embeddable":true,"href":"https:\/\/nemoko.fi\/index.php\/wp-json\/wp\/v2\/comments?post=8"}],"version-history":[{"count":2,"href":"https:\/\/nemoko.fi\/index.php\/wp-json\/wp\/v2\/pages\/8\/revisions"}],"predecessor-version":[{"id":47,"href":"https:\/\/nemoko.fi\/index.php\/wp-json\/wp\/v2\/pages\/8\/revisions\/47"}],"wp:attachment":[{"href":"https:\/\/nemoko.fi\/index.php\/wp-json\/wp\/v2\/media?parent=8"}],"curies":[{"name":"wp","href":"https:\/\/api.w.org\/{rel}","templated":true}]}}